{"id":510,"date":"2022-01-28T12:07:37","date_gmt":"2022-01-28T12:07:37","guid":{"rendered":"https:\/\/www.brautmode-mangold.de\/?page_id=510"},"modified":"2022-03-14T16:05:12","modified_gmt":"2022-03-14T16:05:12","slug":"brautkleider","status":"publish","type":"page","link":"https:\/\/www.brautmode-mangold.de\/index.php\/brautkleider\/","title":{"rendered":"BRAUTKLEIDER"},"content":{"rendered":"\t\t<div data-elementor-type=\"wp-page\" data-elementor-id=\"510\" class=\"elementor elementor-510\" data-elementor-post-type=\"page\">\n\t\t\t\t\t\t<section class=\"has_eae_slider elementor-section elementor-top-section elementor-element elementor-element-ddd975b elementor-section-height-min-height elementor-section-boxed elementor-section-height-default elementor-section-items-middle\" data-eae-slider=\"65533\" data-id=\"ddd975b\" data-element_type=\"section\" data-e-type=\"section\" data-settings=\"{&quot;background_background&quot;:&quot;classic&quot;}\">\n\t\t\t\t\t\t\t<div class=\"elementor-background-overlay\"><\/div>\n\t\t\t\t\t\t\t<div class=\"elementor-container elementor-column-gap-default\">\n\t\t\t\t\t<div class=\"has_eae_slider elementor-column elementor-col-100 elementor-top-column elementor-element elementor-element-d00cf01\" data-eae-slider=\"38346\" data-id=\"d00cf01\" data-element_type=\"column\" data-e-type=\"column\">\n\t\t\t<div class=\"elementor-widget-wrap\">\n\t\t\t\t\t\t\t<\/div>\n\t\t<\/div>\n\t\t\t\t\t<\/div>\n\t\t<\/section>\n\t\t\t\t<section class=\"has_eae_slider elementor-section elementor-top-section elementor-element elementor-element-7435c35 cust-img-sec resp-img-sec elementor-section-boxed elementor-section-height-default elementor-section-height-default\" data-eae-slider=\"50719\" data-id=\"7435c35\" data-element_type=\"section\" data-e-type=\"section\" data-settings=\"{&quot;background_background&quot;:&quot;classic&quot;}\">\n\t\t\t\t\t\t<div class=\"elementor-container elementor-column-gap-default\">\n\t\t\t\t\t<div class=\"has_eae_slider elementor-column elementor-col-100 elementor-top-column elementor-element elementor-element-71c635b\" data-eae-slider=\"70718\" data-id=\"71c635b\" data-element_type=\"column\" data-e-type=\"column\" data-settings=\"{&quot;background_background&quot;:&quot;classic&quot;}\">\n\t\t\t<div class=\"elementor-widget-wrap elementor-element-populated\">\n\t\t\t\t\t\t<div class=\"elementor-element elementor-element-5dad88b elementor-absolute cust-triangle elementor-widget elementor-widget-image\" data-id=\"5dad88b\" data-element_type=\"widget\" data-e-type=\"widget\" data-settings=\"{&quot;_position&quot;:&quot;absolute&quot;}\" data-widget_type=\"image.default\">\n\t\t\t\t<div class=\"elementor-widget-container\">\n\t\t\t\t\t\t\t\t\t\t\t\t\t\t\t<img decoding=\"async\" width=\"116\" height=\"60\" src=\"https:\/\/www.brautmode-mangold.de\/wp-content\/uploads\/2022\/01\/Polygon-1.png\" class=\"attachment-large size-large wp-image-122\" alt=\"icon\" \/>\t\t\t\t\t\t\t\t\t\t\t\t\t\t\t<\/div>\n\t\t\t\t<\/div>\n\t\t\t\t<div class=\"elementor-element elementor-element-aa75590 elementor-widget__width-initial elementor-absolute elementor-widget elementor-widget-image\" data-id=\"aa75590\" data-element_type=\"widget\" data-e-type=\"widget\" data-settings=\"{&quot;_position&quot;:&quot;absolute&quot;}\" data-widget_type=\"image.default\">\n\t\t\t\t<div class=\"elementor-widget-container\">\n\t\t\t\t\t\t\t\t\t\t\t\t\t\t\t<img decoding=\"async\" src=\"https:\/\/www.brautmode-mangold.de\/wp-content\/uploads\/2022\/01\/Element_1.png\" title=\"Element_1\" alt=\"Element_1\" loading=\"lazy\" \/>\t\t\t\t\t\t\t\t\t\t\t\t\t\t\t<\/div>\n\t\t\t\t<\/div>\n\t\t\t\t<section class=\"has_eae_slider elementor-section elementor-inner-section elementor-element elementor-element-5e42115 elementor-section-full_width cust-inner-img cust-change-img-brau elementor-reverse-tablet elementor-reverse-mobile elementor-section-height-default elementor-section-height-default\" data-eae-slider=\"52325\" data-id=\"5e42115\" data-element_type=\"section\" data-e-type=\"section\">\n\t\t\t\t\t\t<div class=\"elementor-container elementor-column-gap-default\">\n\t\t\t\t\t<div class=\"has_eae_slider elementor-column elementor-col-50 elementor-inner-column elementor-element elementor-element-2df9adb\" data-eae-slider=\"69860\" data-id=\"2df9adb\" data-element_type=\"column\" data-e-type=\"column\">\n\t\t\t<div class=\"elementor-widget-wrap elementor-element-populated\">\n\t\t\t\t\t\t<div class=\"elementor-element elementor-element-95ef19c elementor-widget__width-initial elementor-absolute elementor-widget elementor-widget-image\" data-id=\"95ef19c\" data-element_type=\"widget\" data-e-type=\"widget\" data-settings=\"{&quot;_position&quot;:&quot;absolute&quot;}\" data-widget_type=\"image.default\">\n\t\t\t\t<div class=\"elementor-widget-container\">\n\t\t\t\t\t\t\t\t\t\t\t\t\t\t\t<img fetchpriority=\"high\" decoding=\"async\" width=\"800\" height=\"800\" src=\"https:\/\/www.brautmode-mangold.de\/wp-content\/uploads\/2022\/02\/Gruppe-4.svg\" class=\"attachment-large size-large wp-image-2206\" alt=\"Anf\u00fchrungszeichen\" \/>\t\t\t\t\t\t\t\t\t\t\t\t\t\t\t<\/div>\n\t\t\t\t<\/div>\n\t\t\t\t<div class=\"elementor-element elementor-element-a62c5c3 res-font-family elementor-widget elementor-widget-heading\" data-id=\"a62c5c3\" data-element_type=\"widget\" data-e-type=\"widget\" data-widget_type=\"heading.default\">\n\t\t\t\t<div class=\"elementor-widget-container\">\n\t\t\t\t\t<h2 class=\"elementor-heading-title elementor-size-default\">Brautkleider<\/h2>\t\t\t\t<\/div>\n\t\t\t\t<\/div>\n\t\t\t\t<div class=\"elementor-element elementor-element-b8aa711 elementor-widget elementor-widget-text-editor\" data-id=\"b8aa711\" data-element_type=\"widget\" data-e-type=\"widget\" data-widget_type=\"text-editor.default\">\n\t\t\t\t<div class=\"elementor-widget-container\">\n\t\t\t\t\t\t\t\t\t<p>Ihre Hochzeit steht bevor und Sie sind auf der Suche nach einem g\u00fcnstigen Brautkleid? Dann kommen Sie zu uns ins Brautoutlet Lage. Wir bieten traumhafte Brautmoden in bester Qualit\u00e4t, edlem Design und zu g\u00fcnstigen Outlet-Preisen bereits ab 399 \u20ac.<\/p>\t\t\t\t\t\t\t\t<\/div>\n\t\t\t\t<\/div>\n\t\t\t\t<div class=\"elementor-element elementor-element-7e0624c elementor-widget elementor-widget-text-editor\" data-id=\"7e0624c\" data-element_type=\"widget\" data-e-type=\"widget\" data-widget_type=\"text-editor.default\">\n\t\t\t\t<div class=\"elementor-widget-container\">\n\t\t\t\t\t\t\t\t\t<h2>Jede Braut hat Ihren eigenen Stil<\/h2><p>Am sch\u00f6nsten Tag im Leben stehen Sie als Braut im Mittelpunkt und sollen wundersch\u00f6n aussehen. Wir beraten Sie zu unterschiedlichen Stilen, Farben, Schnitten und <a href=\"https:\/\/www.brautmode-mangold.de\/index.php\/accessoires\/\" target=\"_blank\" rel=\"noopener\">Accessoires<\/a>. W\u00e4hlen Sie zwischen einem glamour\u00f6sen Brautkleid in A-Linie, einem edlen Brautkleid im Empire-Stil, einem nat\u00fcrlichen Brautkleid im Vintage- oder Boho-Look, einer atemberaubenden Prinzessinnen-Robe oder einem derzeit beliebten Meerjungfrau- bzw. Fishtail-Brautkleid.<\/p><p>Egal ob schlicht oder aufwendig mit Spitze und Perlen besetzt, egal ob lang oder kurz, egal ob Gr\u00f6\u00dfe 34 oder 48 und egal ob in Farbe ivory oder blush &#8211; wir suchen so lange nach Ihrem Brautkleid, bis Sie und wir den &#8222;Brautmoment&#8220; f\u00fchlen. N\u00e4mlich dann, wenn Sie in den Spiegel schauen, G\u00e4nsehaut bekommen und wissen &#8222;JA, das ist MEIN Kleid&#8220;.<\/p>\t\t\t\t\t\t\t\t<\/div>\n\t\t\t\t<\/div>\n\t\t\t\t<div class=\"elementor-element elementor-element-f980633 elementor-widget elementor-widget-text-editor\" data-id=\"f980633\" data-element_type=\"widget\" data-e-type=\"widget\" data-widget_type=\"text-editor.default\">\n\t\t\t\t<div class=\"elementor-widget-container\">\n\t\t\t\t\t\t\t\t\t<h2>Abendmoden f\u00fcr Brautjungfern<\/h2>\n<p>Auch Ihre Brautjungfern oder G\u00e4ste werden bei uns f\u00fcndig. Wir bieten zus\u00e4tzlich zu unseren Brautmoden-Kollektionen auch ein breites Sortiment an g\u00fcnstigen und stilvollen <a href=\"https:\/\/www.brautmode-mangold.de\/index.php\/abendkleider\/\" target=\"_blank\" rel=\"noopener\">Abendmoden<\/a>.<\/p>\t\t\t\t\t\t\t\t<\/div>\n\t\t\t\t<\/div>\n\t\t\t\t<div class=\"elementor-element elementor-element-2500d06 elementor-widget elementor-widget-text-editor\" data-id=\"2500d06\" data-element_type=\"widget\" data-e-type=\"widget\" data-widget_type=\"text-editor.default\">\n\t\t\t\t<div class=\"elementor-widget-container\">\n\t\t\t\t\t\t\t\t\t<p>Wann kommen Sie uns besuchen? Wir freuen uns auf Sie!<\/p>\t\t\t\t\t\t\t\t<\/div>\n\t\t\t\t<\/div>\n\t\t\t\t<div class=\"elementor-element elementor-element-71581e4 elementor-mobile-align-center elementor-widget elementor-widget-button\" data-id=\"71581e4\" data-element_type=\"widget\" data-e-type=\"widget\" data-widget_type=\"button.default\">\n\t\t\t\t<div class=\"elementor-widget-container\">\n\t\t\t\t\t\t\t\t\t<div class=\"elementor-button-wrapper\">\n\t\t\t\t\t<a class=\"elementor-button elementor-button-link elementor-size-sm\" href=\"https:\/\/www.brautmode-mangold.de\/index.php\/kontakt\/\">\n\t\t\t\t\t\t<span class=\"elementor-button-content-wrapper\">\n\t\t\t\t\t\t\t\t\t<span class=\"elementor-button-text\">KONTAKT<\/span>\n\t\t\t\t\t<\/span>\n\t\t\t\t\t<\/a>\n\t\t\t\t<\/div>\n\t\t\t\t\t\t\t\t<\/div>\n\t\t\t\t<\/div>\n\t\t\t\t\t<\/div>\n\t\t<\/div>\n\t\t\t\t<div class=\"has_eae_slider elementor-column elementor-col-50 elementor-inner-column elementor-element elementor-element-d8d1be3 cust-img-column\" data-eae-slider=\"85761\" data-id=\"d8d1be3\" data-element_type=\"column\" data-e-type=\"column\">\n\t\t\t<div class=\"elementor-widget-wrap elementor-element-populated\">\n\t\t\t\t\t\t<div class=\"elementor-element elementor-element-040a3c4 animated-slow elementor-invisible elementor-widget elementor-widget-image\" data-id=\"040a3c4\" data-element_type=\"widget\" data-e-type=\"widget\" data-settings=\"{&quot;_animation&quot;:&quot;fadeIn&quot;}\" data-widget_type=\"image.default\">\n\t\t\t\t<div class=\"elementor-widget-container\">\n\t\t\t\t\t\t\t\t\t\t\t\t\t\t\t<img decoding=\"async\" width=\"684\" height=\"1024\" src=\"https:\/\/www.brautmode-mangold.de\/wp-content\/uploads\/2022\/03\/AdobeStock_263568417-684x1024.png\" class=\"attachment-large size-large wp-image-2739\" alt=\"Brautmode\" srcset=\"https:\/\/www.brautmode-mangold.de\/wp-content\/uploads\/2022\/03\/AdobeStock_263568417-684x1024.png 684w, https:\/\/www.brautmode-mangold.de\/wp-content\/uploads\/2022\/03\/AdobeStock_263568417-200x300.png 200w, https:\/\/www.brautmode-mangold.de\/wp-content\/uploads\/2022\/03\/AdobeStock_263568417-768x1150.png 768w, https:\/\/www.brautmode-mangold.de\/wp-content\/uploads\/2022\/03\/AdobeStock_263568417-1025x1536.png 1025w, https:\/\/www.brautmode-mangold.de\/wp-content\/uploads\/2022\/03\/AdobeStock_263568417-1367x2048.png 1367w\" sizes=\"(max-width: 684px) 100vw, 684px\" \/>\t\t\t\t\t\t\t\t\t\t\t\t\t\t\t<\/div>\n\t\t\t\t<\/div>\n\t\t\t\t\t<\/div>\n\t\t<\/div>\n\t\t\t\t\t<\/div>\n\t\t<\/section>\n\t\t\t\t\t<\/div>\n\t\t<\/div>\n\t\t\t\t\t<\/div>\n\t\t<\/section>\n\t\t\t\t<\/div>\n\t\t","protected":false},"excerpt":{"rendered":"<p>Brautkleider Ihre Hochzeit steht bevor und Sie sind auf der Suche nach einem g\u00fcnstigen Brautkleid? Dann kommen Sie zu uns ins Brautoutlet Lage. Wir bieten traumhafte Brautmoden in bester Qualit\u00e4t, edlem Design und zu g\u00fcnstigen Outlet-Preisen bereits ab 399 \u20ac. Jede Braut hat Ihren eigenen Stil Am sch\u00f6nsten Tag im Leben stehen Sie als Braut [&hellip;]<\/p>\n","protected":false},"author":1,"featured_media":0,"parent":0,"menu_order":0,"comment_status":"closed","ping_status":"closed","template":"","meta":{"inline_featured_image":false,"footnotes":""},"class_list":["post-510","page","type-page","status-publish","hentry"],"_links":{"self":[{"href":"https:\/\/www.brautmode-mangold.de\/index.php\/wp-json\/wp\/v2\/pages\/510","targetHints":{"allow":["GET"]}}],"collection":[{"href":"https:\/\/www.brautmode-mangold.de\/index.php\/wp-json\/wp\/v2\/pages"}],"about":[{"href":"https:\/\/www.brautmode-mangold.de\/index.php\/wp-json\/wp\/v2\/types\/page"}],"author":[{"embeddable":true,"href":"https:\/\/www.brautmode-mangold.de\/index.php\/wp-json\/wp\/v2\/users\/1"}],"replies":[{"embeddable":true,"href":"https:\/\/www.brautmode-mangold.de\/index.php\/wp-json\/wp\/v2\/comments?post=510"}],"version-history":[{"count":170,"href":"https:\/\/www.brautmode-mangold.de\/index.php\/wp-json\/wp\/v2\/pages\/510\/revisions"}],"predecessor-version":[{"id":2854,"href":"https:\/\/www.brautmode-mangold.de\/index.php\/wp-json\/wp\/v2\/pages\/510\/revisions\/2854"}],"wp:attachment":[{"href":"https:\/\/www.brautmode-mangold.de\/index.php\/wp-json\/wp\/v2\/media?parent=510"}],"curies":[{"name":"wp","href":"https:\/\/api.w.org\/{rel}","templated":true}]}}