{"id":569,"date":"2022-01-28T13:08:00","date_gmt":"2022-01-28T13:08:00","guid":{"rendered":"https:\/\/www.brautmode-mangold.de\/?page_id=569"},"modified":"2022-03-11T06:04:26","modified_gmt":"2022-03-11T06:04:26","slug":"abendkleider","status":"publish","type":"page","link":"https:\/\/www.brautmode-mangold.de\/index.php\/abendkleider\/","title":{"rendered":"ABENDKLEIDER"},"content":{"rendered":"\t\t<div data-elementor-type=\"wp-page\" data-elementor-id=\"569\" class=\"elementor elementor-569\" data-elementor-post-type=\"page\">\n\t\t\t\t\t\t<section class=\"has_eae_slider elementor-section elementor-top-section elementor-element elementor-element-57c7510 elementor-section-height-min-height elementor-section-boxed elementor-section-height-default elementor-section-items-middle\" data-eae-slider=\"44065\" data-id=\"57c7510\" data-element_type=\"section\" data-e-type=\"section\" data-settings=\"{&quot;background_background&quot;:&quot;classic&quot;}\">\n\t\t\t\t\t\t\t<div class=\"elementor-background-overlay\"><\/div>\n\t\t\t\t\t\t\t<div class=\"elementor-container elementor-column-gap-default\">\n\t\t\t\t\t<div class=\"has_eae_slider elementor-column elementor-col-100 elementor-top-column elementor-element elementor-element-074c9b1\" data-eae-slider=\"48473\" data-id=\"074c9b1\" data-element_type=\"column\" data-e-type=\"column\">\n\t\t\t<div class=\"elementor-widget-wrap\">\n\t\t\t\t\t\t\t<\/div>\n\t\t<\/div>\n\t\t\t\t\t<\/div>\n\t\t<\/section>\n\t\t\t\t<section class=\"has_eae_slider elementor-section elementor-top-section elementor-element elementor-element-bf770eb cust-img-sec resp-img-sec elementor-section-boxed elementor-section-height-default elementor-section-height-default\" data-eae-slider=\"22125\" data-id=\"bf770eb\" data-element_type=\"section\" data-e-type=\"section\" data-settings=\"{&quot;background_background&quot;:&quot;classic&quot;}\">\n\t\t\t\t\t\t<div class=\"elementor-container elementor-column-gap-default\">\n\t\t\t\t\t<div class=\"has_eae_slider elementor-column elementor-col-100 elementor-top-column elementor-element elementor-element-a7a48b9\" data-eae-slider=\"10892\" data-id=\"a7a48b9\" data-element_type=\"column\" data-e-type=\"column\" data-settings=\"{&quot;background_background&quot;:&quot;classic&quot;}\">\n\t\t\t<div class=\"elementor-widget-wrap elementor-element-populated\">\n\t\t\t\t\t\t<div class=\"elementor-element elementor-element-5ede908 elementor-absolute cust-triangle elementor-widget elementor-widget-image\" data-id=\"5ede908\" data-element_type=\"widget\" data-e-type=\"widget\" data-settings=\"{&quot;_position&quot;:&quot;absolute&quot;}\" data-widget_type=\"image.default\">\n\t\t\t\t<div class=\"elementor-widget-container\">\n\t\t\t\t\t\t\t\t\t\t\t\t\t\t\t<img decoding=\"async\" width=\"116\" height=\"60\" src=\"https:\/\/www.brautmode-mangold.de\/wp-content\/uploads\/2022\/01\/Polygon-1.png\" class=\"attachment-large size-large wp-image-122\" alt=\"icon\" \/>\t\t\t\t\t\t\t\t\t\t\t\t\t\t\t<\/div>\n\t\t\t\t<\/div>\n\t\t\t\t<div class=\"elementor-element elementor-element-f399c01 elementor-widget__width-initial elementor-absolute elementor-widget elementor-widget-image\" data-id=\"f399c01\" data-element_type=\"widget\" data-e-type=\"widget\" data-settings=\"{&quot;_position&quot;:&quot;absolute&quot;}\" data-widget_type=\"image.default\">\n\t\t\t\t<div class=\"elementor-widget-container\">\n\t\t\t\t\t\t\t\t\t\t\t\t\t\t\t<img decoding=\"async\" src=\"https:\/\/www.brautmode-mangold.de\/wp-content\/uploads\/2022\/01\/Element_1.png\" title=\"Element_1\" alt=\"Element_1\" loading=\"lazy\" \/>\t\t\t\t\t\t\t\t\t\t\t\t\t\t\t<\/div>\n\t\t\t\t<\/div>\n\t\t\t\t<section class=\"has_eae_slider elementor-section elementor-inner-section elementor-element elementor-element-586bc1e elementor-section-full_width cust-inner-img cust-change-img-abe elementor-reverse-tablet elementor-reverse-mobile elementor-section-height-default elementor-section-height-default\" data-eae-slider=\"86885\" data-id=\"586bc1e\" data-element_type=\"section\" data-e-type=\"section\">\n\t\t\t\t\t\t<div class=\"elementor-container elementor-column-gap-default\">\n\t\t\t\t\t<div class=\"has_eae_slider elementor-column elementor-col-50 elementor-inner-column elementor-element elementor-element-8d57084\" data-eae-slider=\"11224\" data-id=\"8d57084\" data-element_type=\"column\" data-e-type=\"column\">\n\t\t\t<div class=\"elementor-widget-wrap elementor-element-populated\">\n\t\t\t\t\t\t<div class=\"elementor-element elementor-element-468e1f2 elementor-widget__width-initial elementor-absolute elementor-widget elementor-widget-image\" data-id=\"468e1f2\" data-element_type=\"widget\" data-e-type=\"widget\" data-settings=\"{&quot;_position&quot;:&quot;absolute&quot;}\" data-widget_type=\"image.default\">\n\t\t\t\t<div class=\"elementor-widget-container\">\n\t\t\t\t\t\t\t\t\t\t\t\t\t\t\t<img fetchpriority=\"high\" decoding=\"async\" width=\"800\" height=\"800\" src=\"https:\/\/www.brautmode-mangold.de\/wp-content\/uploads\/2022\/02\/Gruppe-4.svg\" class=\"attachment-large size-large wp-image-2206\" alt=\"Anf\u00fchrungszeichen\" \/>\t\t\t\t\t\t\t\t\t\t\t\t\t\t\t<\/div>\n\t\t\t\t<\/div>\n\t\t\t\t<div class=\"elementor-element elementor-element-a4df74d res-font-family elementor-widget elementor-widget-heading\" data-id=\"a4df74d\" data-element_type=\"widget\" data-e-type=\"widget\" data-widget_type=\"heading.default\">\n\t\t\t\t<div class=\"elementor-widget-container\">\n\t\t\t\t\t<h2 class=\"elementor-heading-title elementor-size-default\">Abendkleider<\/h2>\t\t\t\t<\/div>\n\t\t\t\t<\/div>\n\t\t\t\t<div class=\"elementor-element elementor-element-f387302 elementor-widget elementor-widget-text-editor\" data-id=\"f387302\" data-element_type=\"widget\" data-e-type=\"widget\" data-widget_type=\"text-editor.default\">\n\t\t\t\t<div class=\"elementor-widget-container\">\n\t\t\t\t\t\t\t\t\t<p>Sie suchen ein Brautjungfernkleid f\u00fcr eine Hochzeit, ein stilvolles Abendkleid f\u00fcr einen Ball oder ein kurzes Cocktail-Kleid f\u00fcr eine Feierlichkeit? Dann kommen Sie zu uns ins Brautoutlet nach Lage. Auf Sie wartet ein breites Sortiment und eine gro\u00dfe Auswahl an g\u00fcnstigen <a href=\"https:\/\/www.brautmode-mangold.de\/index.php\/brautkleider\/\" target=\"_blank\" rel=\"noopener\">Brautmoden<\/a> und Abendkleidern &#8211; bereits ab 79 \u20ac.<\/p>\t\t\t\t\t\t\t\t<\/div>\n\t\t\t\t<\/div>\n\t\t\t\t<div class=\"elementor-element elementor-element-043ebea elementor-widget elementor-widget-text-editor\" data-id=\"043ebea\" data-element_type=\"widget\" data-e-type=\"widget\" data-widget_type=\"text-editor.default\">\n\t\t\t\t<div class=\"elementor-widget-container\">\n\t\t\t\t\t\t\t\t\t<p>Probieren Sie bei uns in Lage verschiedene Schnitte an und lassen Sie sich von uns zu passenden Farben f\u00fcr Ihren Hauttyp beraten.<\/p>\t\t\t\t\t\t\t\t<\/div>\n\t\t\t\t<\/div>\n\t\t\t\t<div class=\"elementor-element elementor-element-aef1bb7 elementor-widget elementor-widget-text-editor\" data-id=\"aef1bb7\" data-element_type=\"widget\" data-e-type=\"widget\" data-widget_type=\"text-editor.default\">\n\t\t\t\t<div class=\"elementor-widget-container\">\n\t\t\t\t\t\t\t\t\t<h2>Abendmoden auf den Leib geschneidert<\/h2><p>Sollte ein Abendkleid nicht in der passenden Gr\u00f6\u00dfe da sein, k\u00f6nnen unsere Schneiderinnen in vielen F\u00e4llen daf\u00fcr sorgen, dass es trotzdem f\u00fcr Sie passend geschneidert wird. Jeder Mensch ist schlie\u00dflich unterschiedlich in Gr\u00f6\u00dfe, Statur und K\u00f6rperform. Und das ist gut so.<\/p>\t\t\t\t\t\t\t\t<\/div>\n\t\t\t\t<\/div>\n\t\t\t\t<div class=\"elementor-element elementor-element-382d433 elementor-widget elementor-widget-text-editor\" data-id=\"382d433\" data-element_type=\"widget\" data-e-type=\"widget\" data-widget_type=\"text-editor.default\">\n\t\t\t\t<div class=\"elementor-widget-container\">\n\t\t\t\t\t\t\t\t\t<h2>Welcher Abendmoden-Typ sind Sie?<\/h2>\n<p>Von schillernden Paillettenkleidern bis hin zu schlichten Chiffonkleidern &#8211; wir finden IHR Abendkleid inklusive der passenden <a href=\"https:\/\/www.brautmode-mangold.de\/index.php\/accessoires\/\" target=\"_blank\" rel=\"noopener\">Accessoires<\/a> und sorgen f\u00fcr den Wow-Effekt auf der n\u00e4chsten Feier. Versprochen! Ihr Traumkleid h\u00e4ngt bereits hier und wartet nur darauf, von Ihnen gefunden und anprobiert zu werden.<\/p>\n<p>Vereinbaren Sie direkt einen Termin!<\/p>\t\t\t\t\t\t\t\t<\/div>\n\t\t\t\t<\/div>\n\t\t\t\t<div class=\"elementor-element elementor-element-37584fb elementor-mobile-align-center elementor-widget elementor-widget-button\" data-id=\"37584fb\" data-element_type=\"widget\" data-e-type=\"widget\" data-widget_type=\"button.default\">\n\t\t\t\t<div class=\"elementor-widget-container\">\n\t\t\t\t\t\t\t\t\t<div class=\"elementor-button-wrapper\">\n\t\t\t\t\t<a class=\"elementor-button elementor-button-link elementor-size-sm\" href=\"https:\/\/www.brautmode-mangold.de\/index.php\/kontakt\/\">\n\t\t\t\t\t\t<span class=\"elementor-button-content-wrapper\">\n\t\t\t\t\t\t\t\t\t<span class=\"elementor-button-text\">KONTAKT<\/span>\n\t\t\t\t\t<\/span>\n\t\t\t\t\t<\/a>\n\t\t\t\t<\/div>\n\t\t\t\t\t\t\t\t<\/div>\n\t\t\t\t<\/div>\n\t\t\t\t\t<\/div>\n\t\t<\/div>\n\t\t\t\t<div class=\"has_eae_slider elementor-column elementor-col-50 elementor-inner-column elementor-element elementor-element-2b63cfb cust-img-column\" data-eae-slider=\"43078\" data-id=\"2b63cfb\" data-element_type=\"column\" data-e-type=\"column\">\n\t\t\t<div class=\"elementor-widget-wrap elementor-element-populated\">\n\t\t\t\t\t\t<div class=\"elementor-element elementor-element-2dbd2ef animated-slow elementor-invisible elementor-widget elementor-widget-image\" data-id=\"2dbd2ef\" data-element_type=\"widget\" data-e-type=\"widget\" data-settings=\"{&quot;_animation&quot;:&quot;fadeIn&quot;}\" data-widget_type=\"image.default\">\n\t\t\t\t<div class=\"elementor-widget-container\">\n\t\t\t\t\t\t\t\t\t\t\t\t\t\t\t<img decoding=\"async\" width=\"800\" height=\"839\" src=\"https:\/\/www.brautmode-mangold.de\/wp-content\/uploads\/2022\/03\/AdobeStock_307251521-1-976x1024.png\" class=\"attachment-large size-large wp-image-2745\" alt=\"Abendmode\" srcset=\"https:\/\/www.brautmode-mangold.de\/wp-content\/uploads\/2022\/03\/AdobeStock_307251521-1-976x1024.png 976w, https:\/\/www.brautmode-mangold.de\/wp-content\/uploads\/2022\/03\/AdobeStock_307251521-1-286x300.png 286w, https:\/\/www.brautmode-mangold.de\/wp-content\/uploads\/2022\/03\/AdobeStock_307251521-1-768x805.png 768w, https:\/\/www.brautmode-mangold.de\/wp-content\/uploads\/2022\/03\/AdobeStock_307251521-1-1465x1536.png 1465w, https:\/\/www.brautmode-mangold.de\/wp-content\/uploads\/2022\/03\/AdobeStock_307251521-1-1953x2048.png 1953w\" sizes=\"(max-width: 800px) 100vw, 800px\" \/>\t\t\t\t\t\t\t\t\t\t\t\t\t\t\t<\/div>\n\t\t\t\t<\/div>\n\t\t\t\t\t<\/div>\n\t\t<\/div>\n\t\t\t\t\t<\/div>\n\t\t<\/section>\n\t\t\t\t\t<\/div>\n\t\t<\/div>\n\t\t\t\t\t<\/div>\n\t\t<\/section>\n\t\t\t\t<\/div>\n\t\t","protected":false},"excerpt":{"rendered":"<p>Abendkleider Sie suchen ein Brautjungfernkleid f\u00fcr eine Hochzeit, ein stilvolles Abendkleid f\u00fcr einen Ball oder ein kurzes Cocktail-Kleid f\u00fcr eine Feierlichkeit? Dann kommen Sie zu uns ins Brautoutlet nach Lage. Auf Sie wartet ein breites Sortiment und eine gro\u00dfe Auswahl an g\u00fcnstigen Brautmoden und Abendkleidern &#8211; bereits ab 79 \u20ac. Probieren Sie bei uns in [&hellip;]<\/p>\n","protected":false},"author":1,"featured_media":0,"parent":0,"menu_order":0,"comment_status":"closed","ping_status":"closed","template":"","meta":{"inline_featured_image":false,"footnotes":""},"class_list":["post-569","page","type-page","status-publish","hentry"],"_links":{"self":[{"href":"https:\/\/www.brautmode-mangold.de\/index.php\/wp-json\/wp\/v2\/pages\/569","targetHints":{"allow":["GET"]}}],"collection":[{"href":"https:\/\/www.brautmode-mangold.de\/index.php\/wp-json\/wp\/v2\/pages"}],"about":[{"href":"https:\/\/www.brautmode-mangold.de\/index.php\/wp-json\/wp\/v2\/types\/page"}],"author":[{"embeddable":true,"href":"https:\/\/www.brautmode-mangold.de\/index.php\/wp-json\/wp\/v2\/users\/1"}],"replies":[{"embeddable":true,"href":"https:\/\/www.brautmode-mangold.de\/index.php\/wp-json\/wp\/v2\/comments?post=569"}],"version-history":[{"count":115,"href":"https:\/\/www.brautmode-mangold.de\/index.php\/wp-json\/wp\/v2\/pages\/569\/revisions"}],"predecessor-version":[{"id":2791,"href":"https:\/\/www.brautmode-mangold.de\/index.php\/wp-json\/wp\/v2\/pages\/569\/revisions\/2791"}],"wp:attachment":[{"href":"https:\/\/www.brautmode-mangold.de\/index.php\/wp-json\/wp\/v2\/media?parent=569"}],"curies":[{"name":"wp","href":"https:\/\/api.w.org\/{rel}","templated":true}]}}