{"id":595,"date":"2022-01-28T13:28:02","date_gmt":"2022-01-28T13:28:02","guid":{"rendered":"https:\/\/www.brautmode-mangold.de\/?page_id=595"},"modified":"2022-03-14T16:24:07","modified_gmt":"2022-03-14T16:24:07","slug":"accessoires","status":"publish","type":"page","link":"https:\/\/www.brautmode-mangold.de\/index.php\/accessoires\/","title":{"rendered":"ACCESSOIRES"},"content":{"rendered":"\t\t<div data-elementor-type=\"wp-page\" data-elementor-id=\"595\" class=\"elementor elementor-595\" data-elementor-post-type=\"page\">\n\t\t\t\t\t\t<section class=\"has_eae_slider elementor-section elementor-top-section elementor-element elementor-element-606f7a7 elementor-section-height-min-height elementor-section-boxed elementor-section-height-default elementor-section-items-middle\" data-eae-slider=\"81619\" data-id=\"606f7a7\" data-element_type=\"section\" data-e-type=\"section\" data-settings=\"{&quot;background_background&quot;:&quot;classic&quot;,&quot;animation&quot;:&quot;none&quot;}\">\n\t\t\t\t\t\t\t<div class=\"elementor-background-overlay\"><\/div>\n\t\t\t\t\t\t\t<div class=\"elementor-container elementor-column-gap-default\">\n\t\t\t\t\t<div class=\"has_eae_slider elementor-column elementor-col-100 elementor-top-column elementor-element elementor-element-e9b981a\" data-eae-slider=\"44655\" data-id=\"e9b981a\" data-element_type=\"column\" data-e-type=\"column\">\n\t\t\t<div class=\"elementor-widget-wrap\">\n\t\t\t\t\t\t\t<\/div>\n\t\t<\/div>\n\t\t\t\t\t<\/div>\n\t\t<\/section>\n\t\t\t\t<section class=\"has_eae_slider elementor-section elementor-top-section elementor-element elementor-element-2531c60 cust-img-sec resp-img-sec elementor-section-boxed elementor-section-height-default elementor-section-height-default\" data-eae-slider=\"15151\" data-id=\"2531c60\" data-element_type=\"section\" data-e-type=\"section\" data-settings=\"{&quot;background_background&quot;:&quot;classic&quot;}\">\n\t\t\t\t\t\t<div class=\"elementor-container elementor-column-gap-default\">\n\t\t\t\t\t<div class=\"has_eae_slider elementor-column elementor-col-100 elementor-top-column elementor-element elementor-element-ecfc593\" data-eae-slider=\"59057\" data-id=\"ecfc593\" data-element_type=\"column\" data-e-type=\"column\" data-settings=\"{&quot;background_background&quot;:&quot;classic&quot;}\">\n\t\t\t<div class=\"elementor-widget-wrap elementor-element-populated\">\n\t\t\t\t\t\t<div class=\"elementor-element elementor-element-2f9b31c elementor-absolute cust-triangle elementor-widget elementor-widget-image\" data-id=\"2f9b31c\" data-element_type=\"widget\" data-e-type=\"widget\" data-settings=\"{&quot;_position&quot;:&quot;absolute&quot;}\" data-widget_type=\"image.default\">\n\t\t\t\t<div class=\"elementor-widget-container\">\n\t\t\t\t\t\t\t\t\t\t\t\t\t\t\t<img decoding=\"async\" width=\"116\" height=\"60\" src=\"https:\/\/www.brautmode-mangold.de\/wp-content\/uploads\/2022\/01\/Polygon-1.png\" class=\"attachment-large size-large wp-image-122\" alt=\"icon\" \/>\t\t\t\t\t\t\t\t\t\t\t\t\t\t\t<\/div>\n\t\t\t\t<\/div>\n\t\t\t\t<div class=\"elementor-element elementor-element-d3c5122 elementor-widget__width-initial elementor-absolute elementor-widget elementor-widget-image\" data-id=\"d3c5122\" data-element_type=\"widget\" data-e-type=\"widget\" data-settings=\"{&quot;_position&quot;:&quot;absolute&quot;}\" data-widget_type=\"image.default\">\n\t\t\t\t<div class=\"elementor-widget-container\">\n\t\t\t\t\t\t\t\t\t\t\t\t\t\t\t<img decoding=\"async\" src=\"https:\/\/www.brautmode-mangold.de\/wp-content\/uploads\/2022\/01\/Element_1.png\" title=\"Element_1\" alt=\"Element_1\" loading=\"lazy\" \/>\t\t\t\t\t\t\t\t\t\t\t\t\t\t\t<\/div>\n\t\t\t\t<\/div>\n\t\t\t\t<section class=\"has_eae_slider elementor-section elementor-inner-section elementor-element elementor-element-43ab537 elementor-section-full_width cust-inner-img  cust-respacce elementor-reverse-tablet elementor-reverse-mobile elementor-section-height-default elementor-section-height-default\" data-eae-slider=\"97526\" data-id=\"43ab537\" data-element_type=\"section\" data-e-type=\"section\">\n\t\t\t\t\t\t<div class=\"elementor-container elementor-column-gap-default\">\n\t\t\t\t\t<div class=\"has_eae_slider elementor-column elementor-col-50 elementor-inner-column elementor-element elementor-element-c5f4e8a\" data-eae-slider=\"65685\" data-id=\"c5f4e8a\" data-element_type=\"column\" data-e-type=\"column\">\n\t\t\t<div class=\"elementor-widget-wrap elementor-element-populated\">\n\t\t\t\t\t\t<div class=\"elementor-element elementor-element-8fc7381 elementor-widget__width-initial elementor-absolute elementor-widget elementor-widget-image\" data-id=\"8fc7381\" data-element_type=\"widget\" data-e-type=\"widget\" data-settings=\"{&quot;_position&quot;:&quot;absolute&quot;}\" data-widget_type=\"image.default\">\n\t\t\t\t<div class=\"elementor-widget-container\">\n\t\t\t\t\t\t\t\t\t\t\t\t\t\t\t<img fetchpriority=\"high\" decoding=\"async\" width=\"800\" height=\"800\" src=\"https:\/\/www.brautmode-mangold.de\/wp-content\/uploads\/2022\/02\/Gruppe-4.svg\" class=\"attachment-large size-large wp-image-2206\" alt=\"Anf\u00fchrungszeichen\" \/>\t\t\t\t\t\t\t\t\t\t\t\t\t\t\t<\/div>\n\t\t\t\t<\/div>\n\t\t\t\t<div class=\"elementor-element elementor-element-ce63930 res-font-family elementor-widget elementor-widget-heading\" data-id=\"ce63930\" data-element_type=\"widget\" data-e-type=\"widget\" data-widget_type=\"heading.default\">\n\t\t\t\t<div class=\"elementor-widget-container\">\n\t\t\t\t\t<h2 class=\"elementor-heading-title elementor-size-default\">Accessoires<\/h2>\t\t\t\t<\/div>\n\t\t\t\t<\/div>\n\t\t\t\t<div class=\"elementor-element elementor-element-ec62615 elementor-widget elementor-widget-text-editor\" data-id=\"ec62615\" data-element_type=\"widget\" data-e-type=\"widget\" data-widget_type=\"text-editor.default\">\n\t\t\t\t<div class=\"elementor-widget-container\">\n\t\t\t\t\t\t\t\t\t<p>Mit kleinen Accessoires l\u00e4sst sich jedes Brautoutfit perfektionieren.<\/p>\t\t\t\t\t\t\t\t<\/div>\n\t\t\t\t<\/div>\n\t\t\t\t<div class=\"elementor-element elementor-element-02794a1 elementor-widget elementor-widget-text-editor\" data-id=\"02794a1\" data-element_type=\"widget\" data-e-type=\"widget\" data-widget_type=\"text-editor.default\">\n\t\t\t\t<div class=\"elementor-widget-container\">\n\t\t\t\t\t\t\t\t\t<p>M\u00f6chten Sie einen Schleier tragen? Soll Ihre Frisur mit Haarschmuck veredelt werden? Lieben Sie brillianten Schmuck? M\u00f6chten Sie Ihr Brautkleid mit einer Bolero Jacke, einem G\u00fcrtel oder einer Brauttasche aufpeppen?<\/p>\t\t\t\t\t\t\t\t<\/div>\n\t\t\t\t<\/div>\n\t\t\t\t<div class=\"elementor-element elementor-element-8eeab95 elementor-widget elementor-widget-text-editor\" data-id=\"8eeab95\" data-element_type=\"widget\" data-e-type=\"widget\" data-widget_type=\"text-editor.default\">\n\t\t\t\t<div class=\"elementor-widget-container\">\n\t\t\t\t\t\t\t\t\t<p>Wir bieten in unserem Brautoutlet in Lage alles rund um Ihr Brautoutfit. Besuchen Sie uns und wir stimmen bei der Anprobe alle Accessoires auf Ihr <a href=\"https:\/\/www.brautmode-mangold.de\/index.php\/brautkleider\/\" target=\"_blank\">Brautkleid<\/a> oder Ihr <a href=\"https:\/\/www.brautmode-mangold.de\/index.php\/abendkleider\/\" target=\"_blank\">Abendkleid<\/a> ab.<\/p>\n<p>Vereinbaren Sie gleich einen Termin!<\/p>\t\t\t\t\t\t\t\t<\/div>\n\t\t\t\t<\/div>\n\t\t\t\t<div class=\"elementor-element elementor-element-616d14b elementor-mobile-align-center elementor-widget elementor-widget-button\" data-id=\"616d14b\" data-element_type=\"widget\" data-e-type=\"widget\" data-widget_type=\"button.default\">\n\t\t\t\t<div class=\"elementor-widget-container\">\n\t\t\t\t\t\t\t\t\t<div class=\"elementor-button-wrapper\">\n\t\t\t\t\t<a class=\"elementor-button elementor-button-link elementor-size-sm\" href=\"https:\/\/www.brautmode-mangold.de\/index.php\/kontakt\/\">\n\t\t\t\t\t\t<span class=\"elementor-button-content-wrapper\">\n\t\t\t\t\t\t\t\t\t<span class=\"elementor-button-text\">KONTAKT<\/span>\n\t\t\t\t\t<\/span>\n\t\t\t\t\t<\/a>\n\t\t\t\t<\/div>\n\t\t\t\t\t\t\t\t<\/div>\n\t\t\t\t<\/div>\n\t\t\t\t\t<\/div>\n\t\t<\/div>\n\t\t\t\t<div class=\"has_eae_slider elementor-column elementor-col-50 elementor-inner-column elementor-element elementor-element-bf1917b cust-img-column\" data-eae-slider=\"1120\" data-id=\"bf1917b\" data-element_type=\"column\" data-e-type=\"column\">\n\t\t\t<div class=\"elementor-widget-wrap elementor-element-populated\">\n\t\t\t\t\t\t<div class=\"elementor-element elementor-element-a407ed4 animated-slow elementor-invisible elementor-widget elementor-widget-image\" data-id=\"a407ed4\" data-element_type=\"widget\" data-e-type=\"widget\" data-settings=\"{&quot;_animation&quot;:&quot;fadeIn&quot;}\" data-widget_type=\"image.default\">\n\t\t\t\t<div class=\"elementor-widget-container\">\n\t\t\t\t\t\t\t\t\t\t\t\t\t\t\t<img decoding=\"async\" src=\"https:\/\/www.brautmode-mangold.de\/wp-content\/uploads\/elementor\/thumbs\/AdobeStock_309436499-plpks3a5javqrnod4lk7t7nxzgler0xag64tzawz5s.png\" title=\"AdobeStock_309436499\" alt=\"Brautmode Accessoires\" loading=\"lazy\" \/>\t\t\t\t\t\t\t\t\t\t\t\t\t\t\t<\/div>\n\t\t\t\t<\/div>\n\t\t\t\t\t<\/div>\n\t\t<\/div>\n\t\t\t\t\t<\/div>\n\t\t<\/section>\n\t\t\t\t\t<\/div>\n\t\t<\/div>\n\t\t\t\t\t<\/div>\n\t\t<\/section>\n\t\t\t\t<\/div>\n\t\t","protected":false},"excerpt":{"rendered":"<p>Accessoires Mit kleinen Accessoires l\u00e4sst sich jedes Brautoutfit perfektionieren. M\u00f6chten Sie einen Schleier tragen? Soll Ihre Frisur mit Haarschmuck veredelt werden? Lieben Sie brillianten Schmuck? M\u00f6chten Sie Ihr Brautkleid mit einer Bolero Jacke, einem G\u00fcrtel oder einer Brauttasche aufpeppen? Wir bieten in unserem Brautoutlet in Lage alles rund um Ihr Brautoutfit. Besuchen Sie uns und [&hellip;]<\/p>\n","protected":false},"author":1,"featured_media":0,"parent":0,"menu_order":0,"comment_status":"closed","ping_status":"closed","template":"","meta":{"inline_featured_image":false,"footnotes":""},"class_list":["post-595","page","type-page","status-publish","hentry"],"_links":{"self":[{"href":"https:\/\/www.brautmode-mangold.de\/index.php\/wp-json\/wp\/v2\/pages\/595","targetHints":{"allow":["GET"]}}],"collection":[{"href":"https:\/\/www.brautmode-mangold.de\/index.php\/wp-json\/wp\/v2\/pages"}],"about":[{"href":"https:\/\/www.brautmode-mangold.de\/index.php\/wp-json\/wp\/v2\/types\/page"}],"author":[{"embeddable":true,"href":"https:\/\/www.brautmode-mangold.de\/index.php\/wp-json\/wp\/v2\/users\/1"}],"replies":[{"embeddable":true,"href":"https:\/\/www.brautmode-mangold.de\/index.php\/wp-json\/wp\/v2\/comments?post=595"}],"version-history":[{"count":105,"href":"https:\/\/www.brautmode-mangold.de\/index.php\/wp-json\/wp\/v2\/pages\/595\/revisions"}],"predecessor-version":[{"id":2856,"href":"https:\/\/www.brautmode-mangold.de\/index.php\/wp-json\/wp\/v2\/pages\/595\/revisions\/2856"}],"wp:attachment":[{"href":"https:\/\/www.brautmode-mangold.de\/index.php\/wp-json\/wp\/v2\/media?parent=595"}],"curies":[{"name":"wp","href":"https:\/\/api.w.org\/{rel}","templated":true}]}}